{"id":3531,"date":"2021-02-23T18:04:20","date_gmt":"2021-02-23T17:04:20","guid":{"rendered":"https:\/\/www.annibalebaldini.it\/?page_id=3531"},"modified":"2026-02-09T15:05:47","modified_gmt":"2026-02-09T14:05:47","slug":"terms-and-conditions","status":"publish","type":"page","link":"https:\/\/www.annibalebaldini.it\/en\/terms-and-conditions\/","title":{"rendered":"Terms and Conditions"},"content":{"rendered":"<div class=\"fusion-fullwidth fullwidth-box fusion-builder-row-1 fusion-flex-container nonhundred-percent-fullwidth non-hundred-percent-height-scrolling\" style=\"--awb-border-radius-top-left:0px;--awb-border-radius-top-right:0px;--awb-border-radius-bottom-right:0px;--awb-border-radius-bottom-left:0px;--awb-flex-wrap:wrap;\" ><div class=\"fusion-builder-row fusion-row fusion-flex-align-items-flex-start fusion-flex-content-wrap\" style=\"max-width:1414.4px;margin-left: calc(-4% \/ 2 );margin-right: calc(-4% \/ 2 );\"><div class=\"fusion-layout-column fusion_builder_column fusion-builder-column-0 fusion_builder_column_1_6 1_6 fusion-flex-column\" style=\"--awb-bg-size:cover;--awb-width-large:16.666666666667%;--awb-margin-top-large:0px;--awb-spacing-right-large:11.52%;--awb-margin-bottom-large:0px;--awb-spacing-left-large:11.52%;--awb-width-medium:16.666666666667%;--awb-spacing-right-medium:11.52%;--awb-spacing-left-medium:11.52%;--awb-width-small:100%;--awb-spacing-right-small:1.92%;--awb-spacing-left-small:1.92%;\"><div class=\"fusion-column-wrapper fusion-flex-justify-content-flex-start fusion-content-layout-column\"><\/div><\/div><div class=\"fusion-layout-column fusion_builder_column fusion-builder-column-1 fusion_builder_column_2_3 2_3 fusion-flex-column\" style=\"--awb-bg-size:cover;--awb-width-large:66.666666666667%;--awb-margin-top-large:0px;--awb-spacing-right-large:2.88%;--awb-margin-bottom-large:0px;--awb-spacing-left-large:2.88%;--awb-width-medium:66.666666666667%;--awb-spacing-right-medium:2.88%;--awb-spacing-left-medium:2.88%;--awb-width-small:100%;--awb-spacing-right-small:1.92%;--awb-spacing-left-small:1.92%;\"><div class=\"fusion-column-wrapper fusion-flex-justify-content-flex-start fusion-content-layout-column\"><div class=\"fusion-text fusion-text-1\" style=\"--awb-font-size:18px;--awb-line-height:2em;\"><p>Ogni nostra creazione \u00e8 ideata e creata esclusivamente in azienda e interamente realizzata a mano, per questo, ogni prodotto conserva caratteristiche di unicit\u00e0 e piccole imperfezioni dovute ad una lavorazione artigianale.<\/p>\n<p>Tutto il materiale contenuto nel sito Creart2.com \u00e8 di propriet\u00e0 esclusiva di CREART II SNC e qualsiasi riproduzione o pubblicazione non autorizzata \u00e8 severamente vietata.<\/p>\n<dl>\n<dt id=\"answer1\">\n<h3><strong>Prezzi<\/strong><\/h3>\n<p>I prezzi dei prodotti esposti sono I.V.A. inclusa.<\/p>\n<p>Per richiedere disponibilit\u00e0 e informazioni in merito ad ordini speciali e grandi forniture vi consigliamo di contattarci all\u2019indirizzo <a title=\"inviaci una mail\" href=\"mailto:info@creart2.com\">info@creart2.com<\/a><\/dt>\n<\/dl>\n<dl>\n<dt id=\"answer2\">\n<h3><strong>Responsabilit\u00e0 e Disponibilit\u00e0 Prodotti<\/strong><\/h3>\n<p>Creart2 non \u00e8 responsabile di alcun danno o perdita, diretta e\\o indiretta, derivante dalla vendita degli Articoli proposti nel catalogo pubblicato, anche per ritardata e\\o mancata consegna del prodotto, n\u00e9 per qualsiasi altro fatto non imputabile in via diretta alla nostra ditta.<\/p>\n<p>Alcune informazioni tecniche inserite nel sito Internet Creart2 sono ricavate dalle informazioni pubblicate dalla casa produttrice degli articoli inseriti nel nostro catalogo.<\/p>\n<p>Creart2 , pertanto, si riserva la facolt\u00e0 di modificare\/adeguare le informazioni tecniche dei prodotti del catalogo, anche senza preavviso alcuno.<\/p>\n<p>Le immagini relative agli articoli sono indicative, le caratteristiche degli oggetti consegnati possono risultare leggermente differenti dalle foto presentate in catalogo.<\/p>\n<p>Creart2 si riserva il diritto di accettare o meno gli ordini che verranno effettuati e comunque fino ad esaurimento della merce.<\/p>\n<p>Gli articoli in vendita possono essere momentaneamente non disponibili, in tal caso i sigg. Clienti saranno avvisati via e-mail entro un massimo di sette giorni dal ricevimento dell\u2019ordine d\u2019acquisto.<\/p>\n<p>Nel caso in cui l\u2019articolo ordinato non fosse pi\u00f9 reperibile, ci avvaliamo della facolt\u00e0 di annullare la richiesta ricevuta, riaccreditando gli importi eventualmente versati.<\/dt>\n<\/dl>\n<dl>\n<dt id=\"answer3\">\n<h3><strong>Spedizione &amp; Consegna<\/strong><\/h3>\n<\/dt>\n<dt><a href=\"https:\/\/www.annibalebaldini.it\/en\/shipping-and-returns\/\">Vai alla pagina delle Spedizioni<\/a><\/dt>\n<\/dl>\n<dl>\n<dt id=\"answer4\">\n<h3><strong>Privacy<\/strong><\/h3>\n<\/dt>\n<dt>Il Cliente \u00e8 tutelato dalla legislazione italiana in merito alla\u00a0<a title=\"Privacy\" href=\"https:\/\/www.annibalebaldini.it\/en\/privacy-policy\/\" rel=\"noopener noreferrer\">Informativa sulla Privacy (GDPR 679\/2016)<\/a>.<\/dt>\n<\/dl>\n<dl>\n<dt id=\"answer3\">\n<h3><strong>Resi e Sostituzioni<\/strong><\/h3>\n<\/dt>\n<dt>Il Cliente \u00e8 tutelato dalla legislazione italiana in merito al\u00a0<a title=\"Recesso\" href=\"https:\/\/www.annibalebaldini.it\/en\/shipping-and-returns\/\" rel=\"noopener noreferrer\">Diritto di Recesso (D.L. 20\/12\/92 n\u00b050 e succ. modifiche)<\/a>.<\/dt>\n<\/dl>\n<dl>\n<dt id=\"answer6\">\n<h3><strong>Pagamenti<\/strong><\/h3>\n<\/dt>\n<dt>Per le spedizioni a domicilio puoi scegliere una delle seguenti formule di pagamento:<\/dt>\n<dd>\n<ul>\n<li><strong>Paypal:<\/strong>\u00a0Per chi possiede un conto PAYPAL o per chi vuole pagare con carta di credito (tramite circuito Paypal \u00e8 possibile pagare utilizzando le maggiori carte di credito come VISA, MASTERCARD, CARTA AURA, AMERICAN EXPRESS, ecc\u2026)<\/li>\n<li class=\"last\"><strong>Bonifico Bancario Anticipato:<\/strong> per qualsiasi importo, i dati per il bonifico verranno comunicati dal nostro servizio spedizione al momento della preparazione dell\u2019ordine.<\/li>\n<li><strong>Nexi\u00a0<\/strong><\/li>\n<li><strong>Klarna:<\/strong> dividi il tuo acquisto in 3 rate senza interessi.<\/li>\n<\/ul>\n<\/dd>\n<\/dl>\n<p>Per quanto non indicato nella presente pagina web si fa riferimento alle leggi attualmente in vigore. In caso di controversia \u00e8 competente il Foro di Rimini.<\/p>\n<\/div><\/div><\/div><div class=\"fusion-layout-column fusion_builder_column fusion-builder-column-2 fusion_builder_column_1_6 1_6 fusion-flex-column\" style=\"--awb-bg-size:cover;--awb-width-large:16.666666666667%;--awb-margin-top-large:0px;--awb-spacing-right-large:11.52%;--awb-margin-bottom-large:0px;--awb-spacing-left-large:11.52%;--awb-width-medium:16.666666666667%;--awb-spacing-right-medium:11.52%;--awb-spacing-left-medium:11.52%;--awb-width-small:100%;--awb-spacing-right-small:1.92%;--awb-spacing-left-small:1.92%;\"><div class=\"fusion-column-wrapper fusion-flex-justify-content-flex-start fusion-content-layout-column\"><\/div><\/div><\/div><\/div>\n","protected":false},"excerpt":{"rendered":"","protected":false},"author":2,"featured_media":0,"parent":0,"menu_order":0,"comment_status":"closed","ping_status":"closed","template":"","meta":{"footnotes":""},"class_list":["post-3531","page","type-page","status-publish","hentry"],"_links":{"self":[{"href":"https:\/\/www.annibalebaldini.it\/en\/wp-json\/wp\/v2\/pages\/3531","targetHints":{"allow":["GET"]}}],"collection":[{"href":"https:\/\/www.annibalebaldini.it\/en\/wp-json\/wp\/v2\/pages"}],"about":[{"href":"https:\/\/www.annibalebaldini.it\/en\/wp-json\/wp\/v2\/types\/page"}],"author":[{"embeddable":true,"href":"https:\/\/www.annibalebaldini.it\/en\/wp-json\/wp\/v2\/users\/2"}],"replies":[{"embeddable":true,"href":"https:\/\/www.annibalebaldini.it\/en\/wp-json\/wp\/v2\/comments?post=3531"}],"version-history":[{"count":7,"href":"https:\/\/www.annibalebaldini.it\/en\/wp-json\/wp\/v2\/pages\/3531\/revisions"}],"predecessor-version":[{"id":8089,"href":"https:\/\/www.annibalebaldini.it\/en\/wp-json\/wp\/v2\/pages\/3531\/revisions\/8089"}],"wp:attachment":[{"href":"https:\/\/www.annibalebaldini.it\/en\/wp-json\/wp\/v2\/media?parent=3531"}],"curies":[{"name":"wp","href":"https:\/\/api.w.org\/{rel}","templated":true}]}}